{"id":393,"date":"2022-07-22T22:08:30","date_gmt":"2022-07-22T20:08:30","guid":{"rendered":"https:\/\/unhook0799.wordpress.com\/?page_id=129"},"modified":"2025-05-26T09:52:12","modified_gmt":"2025-05-26T09:52:12","slug":"129-2","status":"publish","type":"page","link":"https:\/\/cirma.etsisi.upm.es\/?page_id=393","title":{"rendered":"Sobre el proyecto"},"content":{"rendered":"\n<div class=\"wp-block-group alignwide\" style=\"padding-right:180px;padding-left:180px\"><div class=\"wp-block-group__inner-container is-layout-flow wp-block-group-is-layout-flow\">\n<p class=\"has-text-align-center has-primary-color has-text-color\" style=\"font-size:30px\"><strong>Ciberseguridad e Inteligencia Artificial Resiliente para la Comunidad de Madrid<\/strong><\/p>\n\n\n\n<p class=\"has-text-align-center has-primary-color has-text-color\" style=\"font-size:30px\"><\/p>\n\n\n\n<hr class=\"wp-block-separator has-alpha-channel-opacity\"\/>\n\n\n\n<p class=\"has-text-align-center\" style=\"font-size:15px\">Seguridad digital avanzada con IA en sistemas civiles e industriales.<\/p>\n<\/div><\/div>\n\n\n\n<div class=\"wp-block-columns alignwide is-layout-flex wp-container-core-columns-is-layout-9d6595d7 wp-block-columns-is-layout-flex\">\n<div class=\"wp-block-column is-layout-flow wp-block-column-is-layout-flow\" style=\"padding-top:0px;flex-basis:100%\">\n<figure class=\"wp-block-image alignwide size-large has-custom-border\"><img loading=\"lazy\" decoding=\"async\" width=\"1024\" height=\"484\" src=\"https:\/\/cirma.etsisi.upm.es\/wp-content\/uploads\/2025\/05\/ciberseguridad-e-inteligencia-artificial-estrategias-esenciales-1-1024x484.jpg\" alt=\"\" class=\"wp-image-685\" style=\"border-radius:0px\" srcset=\"https:\/\/cirma.etsisi.upm.es\/wp-content\/uploads\/2025\/05\/ciberseguridad-e-inteligencia-artificial-estrategias-esenciales-1-1024x484.jpg 1024w, https:\/\/cirma.etsisi.upm.es\/wp-content\/uploads\/2025\/05\/ciberseguridad-e-inteligencia-artificial-estrategias-esenciales-1-300x142.jpg 300w, https:\/\/cirma.etsisi.upm.es\/wp-content\/uploads\/2025\/05\/ciberseguridad-e-inteligencia-artificial-estrategias-esenciales-1-768x363.jpg 768w, https:\/\/cirma.etsisi.upm.es\/wp-content\/uploads\/2025\/05\/ciberseguridad-e-inteligencia-artificial-estrategias-esenciales-1.jpg 1100w\" sizes=\"auto, (max-width: 1024px) 100vw, 1024px\" \/><\/figure>\n<\/div>\n<\/div>\n\n\n\n<div class=\"wp-block-group\" style=\"padding-top:50px;line-height:0.5\"><div class=\"wp-block-group__inner-container is-layout-flow wp-block-group-is-layout-flow\">\n<p class=\"has-text-align-center has-primary-color has-text-color has-x-large-font-size\">El proyecto CIRMA<\/p>\n<\/div><\/div>\n\n\n\n<hr class=\"wp-block-separator has-alpha-channel-opacity\"\/>\n\n\n\n<div class=\"wp-block-group\" style=\"padding-right:0px;padding-left:0px\"><div class=\"wp-block-group__inner-container is-layout-flow wp-block-group-is-layout-flow\">\n<p class=\"has-text-align-center\">CIRMA busca investigar y aplicar t\u00e9cnicas avanzadas de Inteligencia Artificial, especialmente modelos de lenguaje (LLMs), para mejorar la <strong>ciberseguridad y ciberresiliencia<\/strong>. El objetivo es desarrollar soluciones m\u00e1s eficaces, r\u00e1pidas y automatizadas que las actuales, enfocadas en proteger a la <strong>Comunidad de Madrid (CAM), sus pymes y ciudadanos<\/strong> frente a ciberataques, malware y campa\u00f1as de desinformaci\u00f3n.<\/p>\n\n\n\n<p>El proyecto tambi\u00e9n:<\/p>\n\n\n\n<p>.  Promover\u00e1 activamente sus avances mediante formaci\u00f3n, eventos y gu\u00edas pr\u00e1cticas para empresas y ciudadanos, con \u00e9nfasis en una respuesta coordinada y eficaz.<\/p>\n\n\n\n<p>.  Estudiar\u00e1 vulnerabilidades y ataques dirigidos a modelos de IA.<\/p>\n\n\n\n<p>.  Mejorar\u00e1 la recolecci\u00f3n autom\u00e1tica y segura de evidencias digitales (IoT, cloud) v\u00e1lidas para uso forense.<\/p>\n\n\n\n<p>. Desarrollar\u00e1 herramientas para detectar y responder a ataques de desinformaci\u00f3n.<\/p>\n<\/div><\/div>\n\n\n\n<div class=\"wp-block-group\" style=\"padding-top:100px;line-height:0.2\"><div class=\"wp-block-group__inner-container is-layout-flow wp-block-group-is-layout-flow\">\n<p class=\"has-text-align-center has-primary-color has-text-color has-x-large-font-size\">Partners del proyecto<\/p>\n<\/div><\/div>\n\n\n\n<hr class=\"wp-block-separator has-alpha-channel-opacity\"\/>\n\n\n\n<div class=\"wp-block-group alignwide\"><div class=\"wp-block-group__inner-container is-layout-flow wp-block-group-is-layout-flow\">\n<div class=\"wp-block-columns alignfull is-layout-flex wp-container-core-columns-is-layout-9d6595d7 wp-block-columns-is-layout-flex\">\n<div class=\"wp-block-column is-layout-flow wp-block-column-is-layout-flow\">\n<div class=\"wp-block-media-text alignwide is-stacked-on-mobile\" style=\"grid-template-columns:30% auto\"><figure class=\"wp-block-media-text__media\"><img loading=\"lazy\" decoding=\"async\" width=\"1024\" height=\"1024\" src=\"https:\/\/cirma.etsisi.upm.es\/wp-content\/uploads\/2022\/12\/ETSISI-1024x1024.png\" alt=\"\" class=\"wp-image-411 size-full\" srcset=\"https:\/\/cirma.etsisi.upm.es\/wp-content\/uploads\/2022\/12\/ETSISI-1024x1024.png 1024w, https:\/\/cirma.etsisi.upm.es\/wp-content\/uploads\/2022\/12\/ETSISI-300x300.png 300w, https:\/\/cirma.etsisi.upm.es\/wp-content\/uploads\/2022\/12\/ETSISI-150x150.png 150w, https:\/\/cirma.etsisi.upm.es\/wp-content\/uploads\/2022\/12\/ETSISI-768x768.png 768w, https:\/\/cirma.etsisi.upm.es\/wp-content\/uploads\/2022\/12\/ETSISI-1536x1536.png 1536w, https:\/\/cirma.etsisi.upm.es\/wp-content\/uploads\/2022\/12\/ETSISI-1568x1567.png 1568w, https:\/\/cirma.etsisi.upm.es\/wp-content\/uploads\/2022\/12\/ETSISI.png 1868w\" sizes=\"auto, (max-width: 1024px) 100vw, 1024px\" \/><\/figure><div class=\"wp-block-media-text__content\">\n<h3 class=\"wp-block-heading has-text-align-left\">UPM (Coordinador)<\/h3>\n\n\n\n<p class=\"has-extra-small-font-size\">Universidad Polit\u00e9cnicas de Madrid\/ Escuela T\u00e9cnica Superior de<br>Ingenier\u00eda de Sistemas Inform\u00e1ticos\/ Departamento de Sistemas<br>Inform\u00e1ticos<\/p>\n\n\n\n<p class=\"has-extra-small-font-size\"><\/p>\n<\/div><\/div>\n<\/div>\n\n\n\n<div class=\"wp-block-column is-layout-flow wp-block-column-is-layout-flow\">\n<div class=\"wp-block-media-text alignwide is-stacked-on-mobile\" style=\"grid-template-columns:36% auto\"><figure class=\"wp-block-media-text__media\"><img loading=\"lazy\" decoding=\"async\" width=\"1024\" height=\"576\" src=\"https:\/\/cirma.etsisi.upm.es\/wp-content\/uploads\/2025\/05\/maxresdefault-1024x576.jpg\" alt=\"\" class=\"wp-image-679 size-full\" srcset=\"https:\/\/cirma.etsisi.upm.es\/wp-content\/uploads\/2025\/05\/maxresdefault-1024x576.jpg 1024w, https:\/\/cirma.etsisi.upm.es\/wp-content\/uploads\/2025\/05\/maxresdefault-300x169.jpg 300w, https:\/\/cirma.etsisi.upm.es\/wp-content\/uploads\/2025\/05\/maxresdefault-768x432.jpg 768w, https:\/\/cirma.etsisi.upm.es\/wp-content\/uploads\/2025\/05\/maxresdefault.jpg 1280w\" sizes=\"auto, (max-width: 1024px) 100vw, 1024px\" \/><\/figure><div class=\"wp-block-media-text__content\">\n<h3 class=\"wp-block-heading has-text-align-left\">UCM<\/h3>\n\n\n\n<p class=\"has-text-align-left\" style=\"font-size:16px\">Universidad Complutense de<br>Madrid \/ Facultad de Inform\u00e1tica \/<br>Departamento de Ingenier\u00eda del<br>Software e Inteligencia Artificial<\/p>\n\n\n\n<p class=\"has-text-align-left\" style=\"font-size:16px\"><\/p>\n<\/div><\/div>\n<\/div>\n<\/div>\n\n\n\n<div class=\"wp-block-columns alignfull is-layout-flex wp-container-core-columns-is-layout-9d6595d7 wp-block-columns-is-layout-flex\">\n<div class=\"wp-block-column is-layout-flow wp-block-column-is-layout-flow\">\n<div class=\"wp-block-media-text alignwide is-stacked-on-mobile\" style=\"grid-template-columns:36% auto\"><figure class=\"wp-block-media-text__media\"><img loading=\"lazy\" decoding=\"async\" width=\"351\" height=\"182\" src=\"https:\/\/cirma.etsisi.upm.es\/wp-content\/uploads\/2025\/05\/J9ajWnC9Qr0w4Abz-1.png\" alt=\"\" class=\"wp-image-770 size-full\" srcset=\"https:\/\/cirma.etsisi.upm.es\/wp-content\/uploads\/2025\/05\/J9ajWnC9Qr0w4Abz-1.png 351w, https:\/\/cirma.etsisi.upm.es\/wp-content\/uploads\/2025\/05\/J9ajWnC9Qr0w4Abz-1-300x156.png 300w\" sizes=\"auto, (max-width: 351px) 100vw, 351px\" \/><\/figure><div class=\"wp-block-media-text__content\">\n<h3 class=\"wp-block-heading has-text-align-left\">GICP<\/h3>\n\n\n\n<p class=\"has-text-align-left\" style=\"font-size:16px\">Grupo de Investigaci\u00f3n en Ciberseguridad y Protecci\u00f3n de la Privacidad \/<br>Consejo Superior de Investigaciones Cient\u00edficas (CSIC) \/ <a href=\"https:\/\/gicp.es\/cirma\/\">https:\/\/gicp.es\/cirma\/<\/a><\/p>\n\n\n\n<p class=\"has-text-align-left\" style=\"font-size:16px\"><\/p>\n\n\n\n<p class=\"has-text-align-left\" style=\"font-size:16px\"><\/p>\n<\/div><\/div>\n<\/div>\n\n\n\n<div class=\"wp-block-column is-layout-flow wp-block-column-is-layout-flow\">\n<div class=\"wp-block-media-text alignwide is-stacked-on-mobile\" style=\"grid-template-columns:45% auto\"><figure class=\"wp-block-media-text__media\"><img loading=\"lazy\" decoding=\"async\" width=\"925\" height=\"509\" src=\"https:\/\/cirma.etsisi.upm.es\/wp-content\/uploads\/2025\/05\/FdwW8HLXoAAYLb1.jpg\" alt=\"\" class=\"wp-image-681 size-full\" srcset=\"https:\/\/cirma.etsisi.upm.es\/wp-content\/uploads\/2025\/05\/FdwW8HLXoAAYLb1.jpg 925w, https:\/\/cirma.etsisi.upm.es\/wp-content\/uploads\/2025\/05\/FdwW8HLXoAAYLb1-300x165.jpg 300w, https:\/\/cirma.etsisi.upm.es\/wp-content\/uploads\/2025\/05\/FdwW8HLXoAAYLb1-768x423.jpg 768w\" sizes=\"auto, (max-width: 925px) 100vw, 925px\" \/><\/figure><div class=\"wp-block-media-text__content\">\n<h3 class=\"wp-block-heading has-text-align-left\">URJC<\/h3>\n\n\n\n<p class=\"has-text-align-left\" style=\"font-size:16px\">Universidad Rey Juan Carlos \/<br>Escuela T\u00e9cnica Superior de<br>Ingenier\u00eda Inform\u00e1tica \/<br>Departamento de Inform\u00e1tica y<br>Estad\u00edstica<\/p>\n\n\n\n<p class=\"has-text-align-left\" style=\"font-size:16px\"><\/p>\n<\/div><\/div>\n<\/div>\n<\/div>\n\n\n\n<div class=\"wp-block-columns alignfull is-layout-flex wp-container-core-columns-is-layout-9d6595d7 wp-block-columns-is-layout-flex\">\n<div class=\"wp-block-column is-layout-flow wp-block-column-is-layout-flow\">\n<div class=\"wp-block-media-text alignwide is-stacked-on-mobile\" style=\"grid-template-columns:38% auto\"><figure class=\"wp-block-media-text__media\"><img loading=\"lazy\" decoding=\"async\" width=\"1024\" height=\"576\" src=\"https:\/\/cirma.etsisi.upm.es\/wp-content\/uploads\/2025\/05\/67dbd53b9ab8c9826d4e1998-1024x576.jpeg\" alt=\"\" class=\"wp-image-682 size-full\" srcset=\"https:\/\/cirma.etsisi.upm.es\/wp-content\/uploads\/2025\/05\/67dbd53b9ab8c9826d4e1998-1024x576.jpeg 1024w, https:\/\/cirma.etsisi.upm.es\/wp-content\/uploads\/2025\/05\/67dbd53b9ab8c9826d4e1998-300x169.jpeg 300w, https:\/\/cirma.etsisi.upm.es\/wp-content\/uploads\/2025\/05\/67dbd53b9ab8c9826d4e1998-768x432.jpeg 768w, https:\/\/cirma.etsisi.upm.es\/wp-content\/uploads\/2025\/05\/67dbd53b9ab8c9826d4e1998.jpeg 1280w\" sizes=\"auto, (max-width: 1024px) 100vw, 1024px\" \/><\/figure><div class=\"wp-block-media-text__content\">\n<h3 class=\"wp-block-heading has-text-align-left\">UC3M<\/h3>\n\n\n\n<p class=\"has-text-align-left\" style=\"font-size:16px\">Universidad Carlos III de Madrid de<br>Madrid \/ Facultad de Humanidades<br>Comunicaci\u00f3n y Documentaci\u00f3n \/<br>Departamento de Comunicaci\u00f3n<\/p>\n\n\n\n<p class=\"has-text-align-left\" style=\"font-size:16px\"><\/p>\n<\/div><\/div>\n<\/div>\n\n\n\n<div class=\"wp-block-column is-layout-flow wp-block-column-is-layout-flow\"><\/div>\n<\/div>\n<\/div><\/div>\n\n\n\n<hr class=\"wp-block-separator has-alpha-channel-opacity\"\/>\n\n\n\n<p><\/p>\n","protected":false},"excerpt":{"rendered":"<p>Ciberseguridad e Inteligencia Artificial Resiliente para la Comunidad de Madrid Seguridad digital avanzada con IA en sistemas civiles e industriales. El proyecto CIRMA CIRMA busca investigar y aplicar t\u00e9cnicas avanzadas de Inteligencia Artificial, especialmente modelos de lenguaje (LLMs), para mejorar la ciberseguridad y ciberresiliencia. El objetivo es desarrollar soluciones m\u00e1s eficaces, r\u00e1pidas y automatizadas que&hellip; <a class=\"more-link\" href=\"https:\/\/cirma.etsisi.upm.es\/?page_id=393\">Seguir leyendo <span class=\"screen-reader-text\">Sobre el proyecto<\/span><\/a><\/p>\n","protected":false},"author":1,"featured_media":0,"parent":0,"menu_order":0,"comment_status":"closed","ping_status":"closed","template":"header-footer-only","meta":{"footnotes":""},"class_list":["post-393","page","type-page","status-publish","hentry","entry"],"_links":{"self":[{"href":"https:\/\/cirma.etsisi.upm.es\/index.php?rest_route=\/wp\/v2\/pages\/393","targetHints":{"allow":["GET"]}}],"collection":[{"href":"https:\/\/cirma.etsisi.upm.es\/index.php?rest_route=\/wp\/v2\/pages"}],"about":[{"href":"https:\/\/cirma.etsisi.upm.es\/index.php?rest_route=\/wp\/v2\/types\/page"}],"author":[{"embeddable":true,"href":"https:\/\/cirma.etsisi.upm.es\/index.php?rest_route=\/wp\/v2\/users\/1"}],"replies":[{"embeddable":true,"href":"https:\/\/cirma.etsisi.upm.es\/index.php?rest_route=%2Fwp%2Fv2%2Fcomments&post=393"}],"version-history":[{"count":16,"href":"https:\/\/cirma.etsisi.upm.es\/index.php?rest_route=\/wp\/v2\/pages\/393\/revisions"}],"predecessor-version":[{"id":772,"href":"https:\/\/cirma.etsisi.upm.es\/index.php?rest_route=\/wp\/v2\/pages\/393\/revisions\/772"}],"wp:attachment":[{"href":"https:\/\/cirma.etsisi.upm.es\/index.php?rest_route=%2Fwp%2Fv2%2Fmedia&parent=393"}],"curies":[{"name":"wp","href":"https:\/\/api.w.org\/{rel}","templated":true}]}}