{"id":147,"date":"2022-07-23T01:49:36","date_gmt":"2022-07-22T23:49:36","guid":{"rendered":"https:\/\/unhook0799.wordpress.com\/?page_id=147"},"modified":"2025-05-26T09:57:14","modified_gmt":"2025-05-26T09:57:14","slug":"people","status":"publish","type":"page","link":"https:\/\/cirma.etsisi.upm.es\/?page_id=147","title":{"rendered":"Personas"},"content":{"rendered":"\n<div class=\"wp-block-group\"><div class=\"wp-block-group__inner-container is-layout-flow wp-block-group-is-layout-flow\">\n<p class=\"has-text-align-center\">Miembros del proyecto<\/p>\n\n\n\n<hr class=\"wp-block-separator aligncenter has-alpha-channel-opacity\"\/>\n<\/div><\/div>\n\n\n\n<h2 class=\"wp-block-heading alignwide\">UPM<\/h2>\n\n\n\n<div class=\"wp-block-group alignwide\"><div class=\"wp-block-group__inner-container is-layout-flow wp-block-group-is-layout-flow\">\n<div class=\"wp-block-columns alignfull is-layout-flex wp-container-core-columns-is-layout-9d6595d7 wp-block-columns-is-layout-flex\">\n<div class=\"wp-block-column is-layout-flow wp-block-column-is-layout-flow\">\n<div class=\"wp-block-media-text alignwide is-stacked-on-mobile\" style=\"grid-template-columns:28% auto\"><figure class=\"wp-block-media-text__media\"><img loading=\"lazy\" decoding=\"async\" width=\"512\" height=\"512\" src=\"https:\/\/cirma.etsisi.upm.es\/wp-content\/uploads\/2025\/02\/David-Camacho-12.jpg\" alt=\"\" class=\"wp-image-588 size-full\" srcset=\"https:\/\/cirma.etsisi.upm.es\/wp-content\/uploads\/2025\/02\/David-Camacho-12.jpg 512w, https:\/\/cirma.etsisi.upm.es\/wp-content\/uploads\/2025\/02\/David-Camacho-12-300x300.jpg 300w, https:\/\/cirma.etsisi.upm.es\/wp-content\/uploads\/2025\/02\/David-Camacho-12-150x150.jpg 150w\" sizes=\"auto, (max-width: 512px) 100vw, 512px\" \/><\/figure><div class=\"wp-block-media-text__content\">\n<h3 class=\"wp-block-heading has-text-align-left\" style=\"font-size:30px\">Prof. David Camacho<\/h3>\n\n\n\n<p class=\"has-text-align-left\" style=\"font-size:16px\"><em>Investigador Principal<\/em><\/p>\n\n\n\n<p class=\"has-text-align-left\" style=\"font-size:16px\"><a href=\"mailto:david.camacho@upm.es\" data-type=\"mailto\" data-id=\"mailto:david.camacho@upm.es\"><strong><em>Contact<\/em><\/strong><\/a><\/p>\n<\/div><\/div>\n<\/div>\n\n\n\n<div class=\"wp-block-column is-layout-flow wp-block-column-is-layout-flow\">\n<div class=\"wp-block-media-text alignwide is-stacked-on-mobile\" style=\"grid-template-columns:28% auto\"><figure class=\"wp-block-media-text__media\"><img loading=\"lazy\" decoding=\"async\" width=\"228\" height=\"228\" src=\"https:\/\/cirma.etsisi.upm.es\/wp-content\/uploads\/2025\/05\/juliohernandez.jpg\" alt=\"\" class=\"wp-image-733 size-full\" srcset=\"https:\/\/cirma.etsisi.upm.es\/wp-content\/uploads\/2025\/05\/juliohernandez.jpg 228w, https:\/\/cirma.etsisi.upm.es\/wp-content\/uploads\/2025\/05\/juliohernandez-150x150.jpg 150w\" sizes=\"auto, (max-width: 228px) 100vw, 228px\" \/><\/figure><div class=\"wp-block-media-text__content\">\n<h3 class=\"wp-block-heading has-text-align-left\">Prof. Julio Hern\u00e1ndez Castro<\/h3>\n\n\n\n<p class=\"has-text-align-left\" style=\"font-size:16px\"><a href=\"mailto:jc.hernandez.castro@upm.es\" data-type=\"mailto\" data-id=\"mailto:adrian.giron@upm.es\"><strong><em>Contact<\/em><\/strong><\/a><\/p>\n<\/div><\/div>\n<\/div>\n<\/div>\n\n\n\n<div class=\"wp-block-columns alignfull is-layout-flex wp-container-core-columns-is-layout-9d6595d7 wp-block-columns-is-layout-flex\">\n<div class=\"wp-block-column is-layout-flow wp-block-column-is-layout-flow\">\n<div class=\"wp-block-media-text alignwide is-stacked-on-mobile\" style=\"grid-template-columns:28% auto\"><figure class=\"wp-block-media-text__media\"><img loading=\"lazy\" decoding=\"async\" width=\"768\" height=\"770\" src=\"https:\/\/cirma.etsisi.upm.es\/wp-content\/uploads\/2025\/02\/DSC_0281-768x770-1.jpg\" alt=\"\" class=\"wp-image-590 size-full\" srcset=\"https:\/\/cirma.etsisi.upm.es\/wp-content\/uploads\/2025\/02\/DSC_0281-768x770-1.jpg 768w, https:\/\/cirma.etsisi.upm.es\/wp-content\/uploads\/2025\/02\/DSC_0281-768x770-1-300x300.jpg 300w, https:\/\/cirma.etsisi.upm.es\/wp-content\/uploads\/2025\/02\/DSC_0281-768x770-1-150x150.jpg 150w\" sizes=\"auto, (max-width: 768px) 100vw, 768px\" \/><\/figure><div class=\"wp-block-media-text__content\">\n<h3 class=\"wp-block-heading has-text-align-left\" style=\"font-size:30px\">Dr. Alejandro Mart\u00edn<\/h3>\n\n\n\n<p class=\"has-text-align-left\" style=\"font-size:16px\"><a href=\"mailto:alejandro.martin@upm.es\" data-type=\"mailto\" data-id=\"mailto:alejandro.martin@upm.es\"><strong><em>Contact<\/em><\/strong><\/a><\/p>\n<\/div><\/div>\n\n\n\n<div class=\"wp-block-media-text alignwide is-stacked-on-mobile\" style=\"grid-template-columns:28% auto\"><figure class=\"wp-block-media-text__media\"><img loading=\"lazy\" decoding=\"async\" width=\"150\" height=\"150\" src=\"https:\/\/cirma.etsisi.upm.es\/wp-content\/uploads\/2025\/05\/DSC_0295-150x150-2.jpg\" alt=\"\" class=\"wp-image-737 size-thumbnail\"\/><\/figure><div class=\"wp-block-media-text__content\">\n<h3 class=\"wp-block-heading has-text-align-left\">Dra. Aurea Mar\u00eda Anguera de Sojo Hern\u00e1ndez<\/h3>\n\n\n\n<p class=\"has-text-align-left\" style=\"font-size:16px\"><a href=\"mailto:aureamaria.angueradesojo@upm.es\" data-type=\"mailto\" data-id=\"mailto:javier.huertas.tato@upm.es\"><strong><em>Contact<\/em><\/strong><\/a><\/p>\n<\/div><\/div>\n\n\n\n<div class=\"wp-block-media-text alignwide is-stacked-on-mobile\" style=\"grid-template-columns:28% auto\"><figure class=\"wp-block-media-text__media\"><img loading=\"lazy\" decoding=\"async\" width=\"334\" height=\"348\" src=\"https:\/\/cirma.etsisi.upm.es\/wp-content\/uploads\/2025\/05\/234806-1.jpg\" alt=\"\" class=\"wp-image-740 size-thumbnail\" srcset=\"https:\/\/cirma.etsisi.upm.es\/wp-content\/uploads\/2025\/05\/234806-1.jpg 334w, https:\/\/cirma.etsisi.upm.es\/wp-content\/uploads\/2025\/05\/234806-1-288x300.jpg 288w\" sizes=\"auto, (max-width: 334px) 100vw, 334px\" \/><\/figure><div class=\"wp-block-media-text__content\">\n<h3 class=\"wp-block-heading has-text-align-left\">Dr. Juan Manuel Castelo G\u00f3mez<\/h3>\n\n\n\n<p class=\"has-text-align-left\" style=\"font-size:16px\"><a href=\"mailto:juanmanuel.castelo@upm.es\" data-type=\"mailto\" data-id=\"mailto:javier.huertas.tato@upm.es\"><strong><em>Contact<\/em><\/strong><\/a><\/p>\n<\/div><\/div>\n\n\n\n<div class=\"wp-block-media-text alignwide is-stacked-on-mobile\" style=\"grid-template-columns:28% auto\"><figure class=\"wp-block-media-text__media\"><img loading=\"lazy\" decoding=\"async\" width=\"359\" height=\"359\" src=\"https:\/\/cirma.etsisi.upm.es\/wp-content\/uploads\/2023\/03\/javier_huertas.png\" alt=\"\" class=\"wp-image-491 size-thumbnail\" srcset=\"https:\/\/cirma.etsisi.upm.es\/wp-content\/uploads\/2023\/03\/javier_huertas.png 359w, https:\/\/cirma.etsisi.upm.es\/wp-content\/uploads\/2023\/03\/javier_huertas-300x300.png 300w, https:\/\/cirma.etsisi.upm.es\/wp-content\/uploads\/2023\/03\/javier_huertas-150x150.png 150w\" sizes=\"auto, (max-width: 359px) 100vw, 359px\" \/><\/figure><div class=\"wp-block-media-text__content\">\n<h3 class=\"wp-block-heading has-text-align-left\">Dr. Javier Huertas<br><\/h3>\n\n\n\n<p class=\"has-text-align-left\" style=\"font-size:16px\"><a href=\"mailto:javier.huertas.tato@upm.es\" data-type=\"mailto\" data-id=\"mailto:javier.huertas.tato@upm.es\"><strong><em>Contact<\/em><\/strong><\/a><\/p>\n<\/div><\/div>\n\n\n\n<div class=\"wp-block-media-text alignwide is-stacked-on-mobile\" style=\"grid-template-columns:28% auto\"><figure class=\"wp-block-media-text__media\"><img loading=\"lazy\" decoding=\"async\" width=\"768\" height=\"768\" src=\"https:\/\/cirma.etsisi.upm.es\/wp-content\/uploads\/2025\/02\/DSC_0258_short-768x768-1.jpg\" alt=\"\" class=\"wp-image-592 size-full\" srcset=\"https:\/\/cirma.etsisi.upm.es\/wp-content\/uploads\/2025\/02\/DSC_0258_short-768x768-1.jpg 768w, https:\/\/cirma.etsisi.upm.es\/wp-content\/uploads\/2025\/02\/DSC_0258_short-768x768-1-300x300.jpg 300w, https:\/\/cirma.etsisi.upm.es\/wp-content\/uploads\/2025\/02\/DSC_0258_short-768x768-1-150x150.jpg 150w\" sizes=\"auto, (max-width: 768px) 100vw, 768px\" \/><\/figure><div class=\"wp-block-media-text__content\">\n<h3 class=\"wp-block-heading has-text-align-left\">Dr. \u00c1ngel Panizo<\/h3>\n\n\n\n<p class=\"has-text-align-left\" style=\"font-size:16px\"><\/p>\n\n\n\n<p class=\"has-text-align-left\" style=\"font-size:16px\"><a href=\"mailto:angel.panizo@upm.es\" data-type=\"mailto\"><strong><em>Contact<\/em><\/strong><\/a><\/p>\n<\/div><\/div>\n\n\n\n<div class=\"wp-block-media-text alignwide is-stacked-on-mobile\" style=\"grid-template-columns:28% auto\"><figure class=\"wp-block-media-text__media\"><img loading=\"lazy\" decoding=\"async\" width=\"512\" height=\"512\" src=\"https:\/\/cirma.etsisi.upm.es\/wp-content\/uploads\/2025\/05\/Maria-Santamaria-Valenzuela.jpg\" alt=\"\" class=\"wp-image-744 size-full\" srcset=\"https:\/\/cirma.etsisi.upm.es\/wp-content\/uploads\/2025\/05\/Maria-Santamaria-Valenzuela.jpg 512w, https:\/\/cirma.etsisi.upm.es\/wp-content\/uploads\/2025\/05\/Maria-Santamaria-Valenzuela-300x300.jpg 300w, https:\/\/cirma.etsisi.upm.es\/wp-content\/uploads\/2025\/05\/Maria-Santamaria-Valenzuela-150x150.jpg 150w\" sizes=\"auto, (max-width: 512px) 100vw, 512px\" \/><\/figure><div class=\"wp-block-media-text__content\">\n<h3 class=\"wp-block-heading has-text-align-left\">Mar\u00eda Inmaculada Santamar\u00eda Valenzuela<\/h3>\n\n\n\n<p class=\"has-text-align-left\" style=\"font-size:16px\"><a href=\"mailto:mi.santamaria@upm.es\" data-type=\"mailto\" data-id=\"mailto:cm.baltasar@upm.es\"><strong><em>Contact<\/em><\/strong><\/a><\/p>\n<\/div><\/div>\n<\/div>\n\n\n\n<div class=\"wp-block-column is-layout-flow wp-block-column-is-layout-flow\">\n<div class=\"wp-block-group is-nowrap is-layout-flex wp-container-core-group-is-layout-ad2f72ca wp-block-group-is-layout-flex\">\n<div class=\"wp-block-media-text alignwide is-stacked-on-mobile\" style=\"grid-template-columns:28% auto\"><figure class=\"wp-block-media-text__media\"><img loading=\"lazy\" decoding=\"async\" width=\"200\" height=\"200\" src=\"https:\/\/cirma.etsisi.upm.es\/wp-content\/uploads\/2025\/02\/1718719540086.jpg\" alt=\"\" class=\"wp-image-591 size-full\" srcset=\"https:\/\/cirma.etsisi.upm.es\/wp-content\/uploads\/2025\/02\/1718719540086.jpg 200w, https:\/\/cirma.etsisi.upm.es\/wp-content\/uploads\/2025\/02\/1718719540086-150x150.jpg 150w\" sizes=\"auto, (max-width: 200px) 100vw, 200px\" \/><\/figure><div class=\"wp-block-media-text__content\">\n<h3 class=\"wp-block-heading has-text-align-left\">Dr. Sergio D&#8217;Antonio<\/h3>\n\n\n\n<p class=\"has-text-align-left\" style=\"font-size:16px\"><a href=\"mailto:sergio.dantonio@upm.es\" data-type=\"mailto\" data-id=\"mailto:sergio.dantonio@upm.es\"><strong><em>Contact<\/em><\/strong><\/a><\/p>\n<\/div><\/div>\n<\/div>\n\n\n\n<div class=\"wp-block-media-text alignwide is-stacked-on-mobile\" style=\"grid-template-columns:28% auto\"><figure class=\"wp-block-media-text__media\"><img loading=\"lazy\" decoding=\"async\" width=\"512\" height=\"512\" src=\"https:\/\/cirma.etsisi.upm.es\/wp-content\/uploads\/2025\/05\/Jorge-Blasco.jpg\" alt=\"\" class=\"wp-image-738 size-thumbnail\" srcset=\"https:\/\/cirma.etsisi.upm.es\/wp-content\/uploads\/2025\/05\/Jorge-Blasco.jpg 512w, https:\/\/cirma.etsisi.upm.es\/wp-content\/uploads\/2025\/05\/Jorge-Blasco-300x300.jpg 300w, https:\/\/cirma.etsisi.upm.es\/wp-content\/uploads\/2025\/05\/Jorge-Blasco-150x150.jpg 150w\" sizes=\"auto, (max-width: 512px) 100vw, 512px\" \/><\/figure><div class=\"wp-block-media-text__content\">\n<h3 class=\"wp-block-heading has-text-align-left\">Dr. Jorge Blasco<br><\/h3>\n\n\n\n<p><\/p>\n\n\n\n<p class=\"has-text-align-left\" style=\"font-size:16px\"><a href=\"mailto:jorge.blasco.alis@upm.es\" data-type=\"mailto\" data-id=\"mailto:javier.huertas.tato@upm.es\"><strong><em>Contact<\/em><\/strong><\/a><\/p>\n<\/div><\/div>\n\n\n\n<div class=\"wp-block-media-text alignwide is-stacked-on-mobile\" style=\"grid-template-columns:28% auto\"><figure class=\"wp-block-media-text__media\"><img loading=\"lazy\" decoding=\"async\" width=\"342\" height=\"348\" src=\"https:\/\/cirma.etsisi.upm.es\/wp-content\/uploads\/2025\/05\/Captura-de-pantalla-2025-05-22-161306-1.jpg\" alt=\"\" class=\"wp-image-742 size-thumbnail\" srcset=\"https:\/\/cirma.etsisi.upm.es\/wp-content\/uploads\/2025\/05\/Captura-de-pantalla-2025-05-22-161306-1.jpg 342w, https:\/\/cirma.etsisi.upm.es\/wp-content\/uploads\/2025\/05\/Captura-de-pantalla-2025-05-22-161306-1-295x300.jpg 295w\" sizes=\"auto, (max-width: 342px) 100vw, 342px\" \/><\/figure><div class=\"wp-block-media-text__content\">\n<h3 class=\"wp-block-heading has-text-align-left\">Dr. Giannicola Scarpa<br><\/h3>\n\n\n\n<p class=\"has-text-align-left\" style=\"font-size:16px\"><a href=\"mailto:g.scarpa@upm.es\" data-type=\"mailto\" data-id=\"mailto:javier.huertas.tato@upm.es\"><strong><em>Contact<\/em><\/strong><\/a><\/p>\n<\/div><\/div>\n\n\n\n<div class=\"wp-block-media-text alignwide is-stacked-on-mobile\" style=\"grid-template-columns:28% auto\"><figure class=\"wp-block-media-text__media\"><img loading=\"lazy\" decoding=\"async\" width=\"1019\" height=\"1024\" src=\"https:\/\/cirma.etsisi.upm.es\/wp-content\/uploads\/2024\/04\/helena-1019x1024.jpg\" alt=\"\" class=\"wp-image-569 size-thumbnail\" srcset=\"https:\/\/cirma.etsisi.upm.es\/wp-content\/uploads\/2024\/04\/helena-1019x1024.jpg 1019w, https:\/\/cirma.etsisi.upm.es\/wp-content\/uploads\/2024\/04\/helena-300x300.jpg 300w, https:\/\/cirma.etsisi.upm.es\/wp-content\/uploads\/2024\/04\/helena-150x150.jpg 150w, https:\/\/cirma.etsisi.upm.es\/wp-content\/uploads\/2024\/04\/helena-768x771.jpg 768w, https:\/\/cirma.etsisi.upm.es\/wp-content\/uploads\/2024\/04\/helena-1529x1536.jpg 1529w, https:\/\/cirma.etsisi.upm.es\/wp-content\/uploads\/2024\/04\/helena-1568x1575.jpg 1568w, https:\/\/cirma.etsisi.upm.es\/wp-content\/uploads\/2024\/04\/helena.jpg 1800w\" sizes=\"auto, (max-width: 1019px) 100vw, 1019px\" \/><\/figure><div class=\"wp-block-media-text__content\">\n<h3 class=\"wp-block-heading has-text-align-left\">Dra. Helena Liz <\/h3>\n\n\n\n<p class=\"has-text-align-left\" style=\"font-size:16px\"><a href=\"mailto:helena.liz@upm.es\" data-type=\"mailto\" data-id=\"mailto:helena.liz@upm.es\"><strong><em>Contact<\/em><\/strong><\/a><\/p>\n<\/div><\/div>\n\n\n\n<div class=\"wp-block-media-text alignwide is-stacked-on-mobile\" style=\"grid-template-columns:28% auto\"><figure class=\"wp-block-media-text__media\"><img loading=\"lazy\" decoding=\"async\" width=\"767\" height=\"767\" src=\"https:\/\/cirma.etsisi.upm.es\/wp-content\/uploads\/2025\/05\/foto-perfil-sol.jpeg\" alt=\"\" class=\"wp-image-743 size-thumbnail\" srcset=\"https:\/\/cirma.etsisi.upm.es\/wp-content\/uploads\/2025\/05\/foto-perfil-sol.jpeg 767w, https:\/\/cirma.etsisi.upm.es\/wp-content\/uploads\/2025\/05\/foto-perfil-sol-300x300.jpeg 300w, https:\/\/cirma.etsisi.upm.es\/wp-content\/uploads\/2025\/05\/foto-perfil-sol-150x150.jpeg 150w\" sizes=\"auto, (max-width: 767px) 100vw, 767px\" \/><\/figure><div class=\"wp-block-media-text__content\">\n<h3 class=\"wp-block-heading has-text-align-left\">Dra. Mar\u00eda Soledad Delgado Sanz<\/h3>\n\n\n\n<p class=\"has-text-align-left\" style=\"font-size:16px\"><a href=\"mailto:mariasoledad.delgado@upm.es\" data-type=\"mailto\"><strong><em>Contact<\/em><\/strong><\/a><\/p>\n<\/div><\/div>\n<\/div>\n<\/div>\n\n\n\n<div style=\"height:27px\" aria-hidden=\"true\" class=\"wp-block-spacer\"><\/div>\n<\/div><\/div>\n\n\n\n<div class=\"wp-block-group\"><div class=\"wp-block-group__inner-container is-layout-flow wp-block-group-is-layout-flow\">\n<p class=\"has-text-align-center\">Partners del proyecto<\/p>\n\n\n\n<hr class=\"wp-block-separator aligncenter has-alpha-channel-opacity\"\/>\n<\/div><\/div>\n\n\n\n<div class=\"wp-block-group alignwide\"><div class=\"wp-block-group__inner-container is-layout-flow wp-block-group-is-layout-flow\">\n<div class=\"wp-block-columns alignfull is-layout-flex wp-container-core-columns-is-layout-9d6595d7 wp-block-columns-is-layout-flex\">\n<div class=\"wp-block-column is-layout-flow wp-block-column-is-layout-flow\">\n<div class=\"wp-block-media-text alignwide is-stacked-on-mobile\" style=\"grid-template-columns:30% auto\"><figure class=\"wp-block-media-text__media\"><img loading=\"lazy\" decoding=\"async\" width=\"1024\" height=\"1024\" src=\"https:\/\/cirma.etsisi.upm.es\/wp-content\/uploads\/2022\/12\/ETSISI-1024x1024.png\" alt=\"\" class=\"wp-image-411 size-full\" srcset=\"https:\/\/cirma.etsisi.upm.es\/wp-content\/uploads\/2022\/12\/ETSISI-1024x1024.png 1024w, https:\/\/cirma.etsisi.upm.es\/wp-content\/uploads\/2022\/12\/ETSISI-300x300.png 300w, https:\/\/cirma.etsisi.upm.es\/wp-content\/uploads\/2022\/12\/ETSISI-150x150.png 150w, https:\/\/cirma.etsisi.upm.es\/wp-content\/uploads\/2022\/12\/ETSISI-768x768.png 768w, https:\/\/cirma.etsisi.upm.es\/wp-content\/uploads\/2022\/12\/ETSISI-1536x1536.png 1536w, https:\/\/cirma.etsisi.upm.es\/wp-content\/uploads\/2022\/12\/ETSISI-1568x1567.png 1568w, https:\/\/cirma.etsisi.upm.es\/wp-content\/uploads\/2022\/12\/ETSISI.png 1868w\" sizes=\"auto, (max-width: 1024px) 100vw, 1024px\" \/><\/figure><div class=\"wp-block-media-text__content\">\n<h3 class=\"wp-block-heading has-text-align-left\">UPM (Coordinador)<\/h3>\n\n\n\n<p class=\"has-extra-small-font-size\">Universidad Polit\u00e9cnicas de Madrid\/ Escuela T\u00e9cnica Superior de<br>Ingenier\u00eda de Sistemas Inform\u00e1ticos\/ Departamento de Sistemas<br>Inform\u00e1ticos<\/p>\n\n\n\n<p class=\"has-extra-small-font-size\"><\/p>\n<\/div><\/div>\n<\/div>\n\n\n\n<div class=\"wp-block-column is-layout-flow wp-block-column-is-layout-flow\">\n<div class=\"wp-block-media-text alignwide is-stacked-on-mobile\" style=\"grid-template-columns:36% auto\"><figure class=\"wp-block-media-text__media\"><img loading=\"lazy\" decoding=\"async\" width=\"1024\" height=\"576\" src=\"https:\/\/cirma.etsisi.upm.es\/wp-content\/uploads\/2025\/05\/maxresdefault-1024x576.jpg\" alt=\"\" class=\"wp-image-679 size-full\" srcset=\"https:\/\/cirma.etsisi.upm.es\/wp-content\/uploads\/2025\/05\/maxresdefault-1024x576.jpg 1024w, https:\/\/cirma.etsisi.upm.es\/wp-content\/uploads\/2025\/05\/maxresdefault-300x169.jpg 300w, https:\/\/cirma.etsisi.upm.es\/wp-content\/uploads\/2025\/05\/maxresdefault-768x432.jpg 768w, https:\/\/cirma.etsisi.upm.es\/wp-content\/uploads\/2025\/05\/maxresdefault.jpg 1280w\" sizes=\"auto, (max-width: 1024px) 100vw, 1024px\" \/><\/figure><div class=\"wp-block-media-text__content\">\n<h3 class=\"wp-block-heading has-text-align-left\">UCM<\/h3>\n\n\n\n<p class=\"has-text-align-left\" style=\"font-size:16px\">Universidad Complutense de<br>Madrid \/ Facultad de Inform\u00e1tica \/<br>Departamento de Ingenier\u00eda del<br>Software e Inteligencia Artificial<\/p>\n\n\n\n<p class=\"has-text-align-left\" style=\"font-size:16px\"><\/p>\n<\/div><\/div>\n<\/div>\n<\/div>\n\n\n\n<div class=\"wp-block-columns alignfull is-layout-flex wp-container-core-columns-is-layout-9d6595d7 wp-block-columns-is-layout-flex\">\n<div class=\"wp-block-column is-layout-flow wp-block-column-is-layout-flow\">\n<div class=\"wp-block-media-text alignwide is-stacked-on-mobile\" style=\"grid-template-columns:36% auto\"><figure class=\"wp-block-media-text__media\"><img loading=\"lazy\" decoding=\"async\" width=\"351\" height=\"182\" src=\"https:\/\/cirma.etsisi.upm.es\/wp-content\/uploads\/2025\/05\/J9ajWnC9Qr0w4Abz.png\" alt=\"\" class=\"wp-image-767 size-full\" srcset=\"https:\/\/cirma.etsisi.upm.es\/wp-content\/uploads\/2025\/05\/J9ajWnC9Qr0w4Abz.png 351w, https:\/\/cirma.etsisi.upm.es\/wp-content\/uploads\/2025\/05\/J9ajWnC9Qr0w4Abz-300x156.png 300w\" sizes=\"auto, (max-width: 351px) 100vw, 351px\" \/><\/figure><div class=\"wp-block-media-text__content\">\n<h3 class=\"wp-block-heading has-text-align-left\">GICP<\/h3>\n\n\n\n<p class=\"has-text-align-left\" style=\"font-size:16px\">Grupo de Investigaci\u00f3n en Ciberseguridad y Protecci\u00f3n de la Privacidad \/<br>Consejo Superior de Investigaciones Cient\u00edficas (CSIC) \/ https:\/\/gicp.es\/cirma\/<\/p>\n\n\n\n<p class=\"has-text-align-left\" style=\"font-size:16px\"><\/p>\n\n\n\n<p class=\"has-text-align-left\" style=\"font-size:16px\"><\/p>\n<\/div><\/div>\n<\/div>\n\n\n\n<div class=\"wp-block-column is-layout-flow wp-block-column-is-layout-flow\">\n<div class=\"wp-block-media-text alignwide is-stacked-on-mobile\" style=\"grid-template-columns:45% auto\"><figure class=\"wp-block-media-text__media\"><img loading=\"lazy\" decoding=\"async\" width=\"925\" height=\"509\" src=\"https:\/\/cirma.etsisi.upm.es\/wp-content\/uploads\/2025\/05\/FdwW8HLXoAAYLb1.jpg\" alt=\"\" class=\"wp-image-681 size-full\" srcset=\"https:\/\/cirma.etsisi.upm.es\/wp-content\/uploads\/2025\/05\/FdwW8HLXoAAYLb1.jpg 925w, https:\/\/cirma.etsisi.upm.es\/wp-content\/uploads\/2025\/05\/FdwW8HLXoAAYLb1-300x165.jpg 300w, https:\/\/cirma.etsisi.upm.es\/wp-content\/uploads\/2025\/05\/FdwW8HLXoAAYLb1-768x423.jpg 768w\" sizes=\"auto, (max-width: 925px) 100vw, 925px\" \/><\/figure><div class=\"wp-block-media-text__content\">\n<h3 class=\"wp-block-heading has-text-align-left\">URJC<\/h3>\n\n\n\n<p class=\"has-text-align-left\" style=\"font-size:16px\">Universidad Rey Juan Carlos \/<br>Escuela T\u00e9cnica Superior de<br>Ingenier\u00eda Inform\u00e1tica \/<br>Departamento de Inform\u00e1tica y<br>Estad\u00edstica<\/p>\n\n\n\n<p class=\"has-text-align-left\" style=\"font-size:16px\"><\/p>\n<\/div><\/div>\n<\/div>\n<\/div>\n\n\n\n<div class=\"wp-block-columns alignfull is-layout-flex wp-container-core-columns-is-layout-9d6595d7 wp-block-columns-is-layout-flex\">\n<div class=\"wp-block-column is-layout-flow wp-block-column-is-layout-flow\">\n<div class=\"wp-block-media-text alignwide is-stacked-on-mobile\" style=\"grid-template-columns:38% auto\"><figure class=\"wp-block-media-text__media\"><img loading=\"lazy\" decoding=\"async\" width=\"1024\" height=\"576\" src=\"https:\/\/cirma.etsisi.upm.es\/wp-content\/uploads\/2025\/05\/67dbd53b9ab8c9826d4e1998-1024x576.jpeg\" alt=\"\" class=\"wp-image-682 size-full\" srcset=\"https:\/\/cirma.etsisi.upm.es\/wp-content\/uploads\/2025\/05\/67dbd53b9ab8c9826d4e1998-1024x576.jpeg 1024w, https:\/\/cirma.etsisi.upm.es\/wp-content\/uploads\/2025\/05\/67dbd53b9ab8c9826d4e1998-300x169.jpeg 300w, https:\/\/cirma.etsisi.upm.es\/wp-content\/uploads\/2025\/05\/67dbd53b9ab8c9826d4e1998-768x432.jpeg 768w, https:\/\/cirma.etsisi.upm.es\/wp-content\/uploads\/2025\/05\/67dbd53b9ab8c9826d4e1998.jpeg 1280w\" sizes=\"auto, (max-width: 1024px) 100vw, 1024px\" \/><\/figure><div class=\"wp-block-media-text__content\">\n<h3 class=\"wp-block-heading has-text-align-left\">UC3M<\/h3>\n\n\n\n<p class=\"has-text-align-left\" style=\"font-size:16px\">Universidad Carlos III de Madrid de<br>Madrid \/ Facultad de Humanidades<br>Comunicaci\u00f3n y Documentaci\u00f3n \/<br>Departamento de Comunicaci\u00f3n<\/p>\n\n\n\n<p class=\"has-text-align-left\" style=\"font-size:16px\"><\/p>\n<\/div><\/div>\n<\/div>\n\n\n\n<div class=\"wp-block-column is-layout-flow wp-block-column-is-layout-flow\"><\/div>\n<\/div>\n\n\n\n<p><\/p>\n<\/div><\/div>\n","protected":false},"excerpt":{"rendered":"<p>Miembros del proyecto UPM Prof. David Camacho Investigador Principal Contact Prof. Julio Hern\u00e1ndez Castro Contact Dr. Alejandro Mart\u00edn Contact Dra. Aurea Mar\u00eda Anguera de Sojo Hern\u00e1ndez Contact Dr. Juan Manuel Castelo G\u00f3mez Contact Dr. Javier Huertas Contact Dr. \u00c1ngel Panizo Contact Mar\u00eda Inmaculada Santamar\u00eda Valenzuela Contact Dr. Sergio D&#8217;Antonio Contact Dr. Jorge Blasco Contact Dr.&hellip; <a class=\"more-link\" href=\"https:\/\/cirma.etsisi.upm.es\/?page_id=147\">Seguir leyendo <span class=\"screen-reader-text\">Personas<\/span><\/a><\/p>\n","protected":false},"author":1,"featured_media":0,"parent":0,"menu_order":0,"comment_status":"closed","ping_status":"closed","template":"","meta":{"footnotes":""},"class_list":["post-147","page","type-page","status-publish","hentry","entry"],"_links":{"self":[{"href":"https:\/\/cirma.etsisi.upm.es\/index.php?rest_route=\/wp\/v2\/pages\/147","targetHints":{"allow":["GET"]}}],"collection":[{"href":"https:\/\/cirma.etsisi.upm.es\/index.php?rest_route=\/wp\/v2\/pages"}],"about":[{"href":"https:\/\/cirma.etsisi.upm.es\/index.php?rest_route=\/wp\/v2\/types\/page"}],"author":[{"embeddable":true,"href":"https:\/\/cirma.etsisi.upm.es\/index.php?rest_route=\/wp\/v2\/users\/1"}],"replies":[{"embeddable":true,"href":"https:\/\/cirma.etsisi.upm.es\/index.php?rest_route=%2Fwp%2Fv2%2Fcomments&post=147"}],"version-history":[{"count":31,"href":"https:\/\/cirma.etsisi.upm.es\/index.php?rest_route=\/wp\/v2\/pages\/147\/revisions"}],"predecessor-version":[{"id":776,"href":"https:\/\/cirma.etsisi.upm.es\/index.php?rest_route=\/wp\/v2\/pages\/147\/revisions\/776"}],"wp:attachment":[{"href":"https:\/\/cirma.etsisi.upm.es\/index.php?rest_route=%2Fwp%2Fv2%2Fmedia&parent=147"}],"curies":[{"name":"wp","href":"https:\/\/api.w.org\/{rel}","templated":true}]}}